{"id":196,"date":"2025-08-29T08:24:56","date_gmt":"2025-08-29T08:24:56","guid":{"rendered":"https:\/\/www.debugger.ch\/wpblog\/?page_id=196"},"modified":"2025-08-29T11:08:15","modified_gmt":"2025-08-29T11:08:15","slug":"umfrage","status":"publish","type":"page","link":"https:\/\/www.debugger.ch\/wpblog\/umfrage\/","title":{"rendered":"Umfragen"},"content":{"rendered":"\n<p>Eine Umfrage kann gesch\u00fctzt f\u00fcr eine ausgesuchte Gruppe von Teilnehmenden ausgef\u00fchrt werden. \u00dcber die eigene Mailadresse wird die Umfrage allen &#8222;Alpensozis&#8220; zugestellt. Eine Stimmabgabe ist nur 1x m\u00f6glich. Wir k\u00f6nnen so hinter geschlossenen T\u00fcren unsere Meinungen sammeln. Kommentare auflisten und so eine gemeinsame Stellungname der &#8222;Alpensozis&#8220; zusammenstellen.<\/p>\n\n\n\n<p>Testumfrage:<\/p>\n\n\n<div id=\"polls-1\" class=\"wp-polls\">\n\t<form id=\"polls_form_1\" class=\"wp-polls-form\" action=\"\/wpblog\/index.php\" method=\"post\">\n\t\t<p style=\"display: none;\"><input type=\"hidden\" id=\"poll_1_nonce\" name=\"wp-polls-nonce\" value=\"1d97dc6610\" \/><\/p>\n\t\t<p style=\"display: none;\"><input type=\"hidden\" name=\"poll_id\" value=\"1\" \/><\/p>\n\t\t<p style=\"text-align: center;\"><strong>Wie gef\u00e4llt dir meine Website?<\/strong><\/p><div id=\"polls-1-ans\" class=\"wp-polls-ans\"><ul class=\"wp-polls-ul\">\n\t\t<li><input type=\"radio\" id=\"poll-answer-1\" name=\"poll_1\" value=\"1\" \/> <label for=\"poll-answer-1\">Gut<\/label><\/li>\n\t\t<li><input type=\"radio\" id=\"poll-answer-2\" name=\"poll_1\" value=\"2\" \/> <label for=\"poll-answer-2\">Exzellent<\/label><\/li>\n\t\t<li><input type=\"radio\" id=\"poll-answer-3\" name=\"poll_1\" value=\"3\" \/> <label for=\"poll-answer-3\">Schlecht<\/label><\/li>\n\t\t<li><input type=\"radio\" id=\"poll-answer-4\" name=\"poll_1\" value=\"4\" \/> <label for=\"poll-answer-4\">Kann verbessert werden<\/label><\/li>\n\t\t<li><input type=\"radio\" id=\"poll-answer-5\" name=\"poll_1\" value=\"5\" \/> <label for=\"poll-answer-5\">Keine Kommentare<\/label><\/li>\n\t\t<\/ul><p style=\"text-align: center;\"><input type=\"button\" name=\"vote\" value=\"   Abstimmen   \" class=\"Buttons\" onclick=\"poll_vote(1);\" \/><\/p><p style=\"text-align: center;\"><a href=\"#ViewPollResults\" onclick=\"poll_result(1); return false;\" title=\"Ergebnisse dieser Umfrage anzeigen\">Ergebnisse anzeigen<\/a><\/p><\/div>\n\t<\/form>\n<\/div>\n<div id=\"polls-1-loading\" class=\"wp-polls-loading\"><img loading=\"lazy\" decoding=\"async\" src=\"https:\/\/www.debugger.ch\/wpblog\/wp-content\/plugins\/wp-polls\/images\/loading.gif\" width=\"16\" height=\"16\" alt=\"Wird geladen ...\" title=\"Wird geladen ...\" class=\"wp-polls-image\" \/>&nbsp;Wird geladen ...<\/div>\n\n","protected":false},"excerpt":{"rendered":"<p>Eine Umfrage kann gesch\u00fctzt f\u00fcr eine ausgesuchte Gruppe von Teilnehmenden ausgef\u00fchrt werden. \u00dcber die eigene Mailadresse wird die Umfrage allen &#8222;Alpensozis&#8220; zugestellt. Eine Stimmabgabe ist nur 1x m\u00f6glich. Wir k\u00f6nnen so hinter geschlossenen T\u00fcren unsere Meinungen sammeln. Kommentare auflisten und so eine gemeinsame Stellungname der &#8222;Alpensozis&#8220; zusammenstellen. Testumfrage:<\/p>\n","protected":false},"author":1,"featured_media":0,"parent":0,"menu_order":0,"comment_status":"closed","ping_status":"closed","template":"","meta":{"_acf_changed":false,"footnotes":""},"class_list":["post-196","page","type-page","status-publish","hentry","entry"],"acf":[],"_links":{"self":[{"href":"https:\/\/www.debugger.ch\/wpblog\/wp-json\/wp\/v2\/pages\/196","targetHints":{"allow":["GET"]}}],"collection":[{"href":"https:\/\/www.debugger.ch\/wpblog\/wp-json\/wp\/v2\/pages"}],"about":[{"href":"https:\/\/www.debugger.ch\/wpblog\/wp-json\/wp\/v2\/types\/page"}],"author":[{"embeddable":true,"href":"https:\/\/www.debugger.ch\/wpblog\/wp-json\/wp\/v2\/users\/1"}],"replies":[{"embeddable":true,"href":"https:\/\/www.debugger.ch\/wpblog\/wp-json\/wp\/v2\/comments?post=196"}],"version-history":[{"count":3,"href":"https:\/\/www.debugger.ch\/wpblog\/wp-json\/wp\/v2\/pages\/196\/revisions"}],"predecessor-version":[{"id":201,"href":"https:\/\/www.debugger.ch\/wpblog\/wp-json\/wp\/v2\/pages\/196\/revisions\/201"}],"wp:attachment":[{"href":"https:\/\/www.debugger.ch\/wpblog\/wp-json\/wp\/v2\/media?parent=196"}],"curies":[{"name":"wp","href":"https:\/\/api.w.org\/{rel}","templated":true}]}}