{"id":202,"date":"2025-08-29T11:35:55","date_gmt":"2025-08-29T11:35:55","guid":{"rendered":"https:\/\/www.debugger.ch\/wpblog\/?page_id=202"},"modified":"2025-08-29T11:41:47","modified_gmt":"2025-08-29T11:41:47","slug":"e-id","status":"publish","type":"page","link":"https:\/\/www.debugger.ch\/wpblog\/e-id\/","title":{"rendered":"E-ID"},"content":{"rendered":"\n<p>Am 28. September 2025 wird \u00fcber das Bundesgesetz E-ID abgestimmt. Um eine gemeinsame Parole der Alpensozis zu erlangen, k\u00f6nnt ihr eure Stimme (intern) hier abgeben. Wir k\u00f6nnen damit eine Medienmitteilung oder andere Publikationen erstellen.<\/p>\n\n\n\n<p>Ihr habt zus\u00e4tzlich die M\u00f6glichkeit auch einen Kommentar zu posten, der ein Ja oder Nein einen Zusatz versenden. Er kann dazu dienen, unsere Aussagen zu pr\u00e4zisieren, mit Argumenten zu versehen und interessanter zu machen. <\/p>\n\n\n\n<figure class=\"wp-block-image size-full\"><img loading=\"lazy\" decoding=\"async\" width=\"627\" height=\"459\" src=\"https:\/\/www.debugger.ch\/wpblog\/wp-content\/uploads\/2025\/08\/e-id-illu.jpg\" alt=\"\" class=\"wp-image-203\" srcset=\"https:\/\/www.debugger.ch\/wpblog\/wp-content\/uploads\/2025\/08\/e-id-illu.jpg 627w, https:\/\/www.debugger.ch\/wpblog\/wp-content\/uploads\/2025\/08\/e-id-illu-300x220.jpg 300w, https:\/\/www.debugger.ch\/wpblog\/wp-content\/uploads\/2025\/08\/e-id-illu-600x439.jpg 600w\" sizes=\"auto, (max-width: 627px) 100vw, 627px\" \/><\/figure>\n\n\n\n<p>Unterlagen: PowerPoint-Pr\u00e4sentation zur Parolenfassung der SP Uri<\/p>\n\n\n\n<p>Artikel: <a href=\"https:\/\/dnip.ch\/2025\/08\/27\/e-id-explained-teil-1-wieso-und-wie\/\">https:\/\/dnip.ch\/2025\/08\/27\/e-id-explained-teil-1-wieso-und-wie\/<\/a><\/p>\n\n\n\n<p>Artikel: <a href=\"https:\/\/dnip.ch\/2025\/08\/28\/e-id-explained-teil-2-wie-funktioniert-sie\/\">https:\/\/dnip.ch\/2025\/08\/28\/e-id-explained-teil-2-wie-funktioniert-sie\/<\/a><\/p>\n\n\n\n<h2 class=\"wp-block-heading\">Welche Position beziehen die Alpensozis<\/h2>\n\n\n<div id=\"polls-3\" class=\"wp-polls\">\n\t<form id=\"polls_form_3\" class=\"wp-polls-form\" action=\"\/wpblog\/index.php\" method=\"post\">\n\t\t<p style=\"display: none;\"><input type=\"hidden\" id=\"poll_3_nonce\" name=\"wp-polls-nonce\" value=\"817ec378fd\" \/><\/p>\n\t\t<p style=\"display: none;\"><input type=\"hidden\" name=\"poll_id\" value=\"3\" \/><\/p>\n\t\t<p style=\"text-align: center;\"><strong>Bundesgesetz \u00fcber den elektronischen Identit\u00e4tsnachweis und andere elektronische Nachweise (E-ID-Gesetz, BGEID)<\/strong><\/p><div id=\"polls-3-ans\" class=\"wp-polls-ans\"><ul class=\"wp-polls-ul\">\n\t\t<li><input type=\"radio\" id=\"poll-answer-11\" name=\"poll_3\" value=\"11\" \/> <label for=\"poll-answer-11\">Ja<\/label><\/li>\n\t\t<li><input type=\"radio\" id=\"poll-answer-12\" name=\"poll_3\" value=\"12\" \/> <label for=\"poll-answer-12\">Ja, aber (Kommentar hinzuf\u00fcgen)<\/label><\/li>\n\t\t<li><input type=\"radio\" id=\"poll-answer-13\" name=\"poll_3\" value=\"13\" \/> <label for=\"poll-answer-13\">Nein<\/label><\/li>\n\t\t<li><input type=\"radio\" id=\"poll-answer-14\" name=\"poll_3\" value=\"14\" \/> <label for=\"poll-answer-14\">Nein, aber (Kommentar hinzuf\u00fcgen)<\/label><\/li>\n\t\t<li><input type=\"radio\" id=\"poll-answer-15\" name=\"poll_3\" value=\"15\" \/> <label for=\"poll-answer-15\">Stimmfreigabe<\/label><\/li>\n\t\t<\/ul><p style=\"text-align: center;\"><input type=\"button\" name=\"vote\" value=\"   Abstimmen   \" class=\"Buttons\" onclick=\"poll_vote(3);\" \/><\/p><p style=\"text-align: center;\"><a href=\"#ViewPollResults\" onclick=\"poll_result(3); return false;\" title=\"Ergebnisse dieser Umfrage anzeigen\">Ergebnisse anzeigen<\/a><\/p><\/div>\n\t<\/form>\n<\/div>\n<div id=\"polls-3-loading\" class=\"wp-polls-loading\"><img loading=\"lazy\" decoding=\"async\" src=\"https:\/\/www.debugger.ch\/wpblog\/wp-content\/plugins\/wp-polls\/images\/loading.gif\" width=\"16\" height=\"16\" alt=\"Wird geladen ...\" title=\"Wird geladen ...\" class=\"wp-polls-image\" \/>&nbsp;Wird geladen ...<\/div>\n\n","protected":false},"excerpt":{"rendered":"<p>Am 28. September 2025 wird \u00fcber das Bundesgesetz E-ID abgestimmt. Um eine gemeinsame Parole der Alpensozis zu erlangen, k\u00f6nnt ihr eure Stimme (intern) hier abgeben. Wir k\u00f6nnen damit eine Medienmitteilung oder andere Publikationen erstellen. Ihr habt zus\u00e4tzlich die M\u00f6glichkeit auch einen Kommentar zu posten, der ein Ja oder Nein einen Zusatz versenden. Er kann dazu&hellip; <a class=\"more-link\" href=\"https:\/\/www.debugger.ch\/wpblog\/e-id\/\"><span class=\"screen-reader-text\">E-ID<\/span> weiterlesen<\/a><\/p>\n","protected":false},"author":1,"featured_media":0,"parent":0,"menu_order":0,"comment_status":"open","ping_status":"closed","template":"","meta":{"_acf_changed":false,"footnotes":""},"class_list":["post-202","page","type-page","status-publish","hentry","entry"],"acf":[],"_links":{"self":[{"href":"https:\/\/www.debugger.ch\/wpblog\/wp-json\/wp\/v2\/pages\/202","targetHints":{"allow":["GET"]}}],"collection":[{"href":"https:\/\/www.debugger.ch\/wpblog\/wp-json\/wp\/v2\/pages"}],"about":[{"href":"https:\/\/www.debugger.ch\/wpblog\/wp-json\/wp\/v2\/types\/page"}],"author":[{"embeddable":true,"href":"https:\/\/www.debugger.ch\/wpblog\/wp-json\/wp\/v2\/users\/1"}],"replies":[{"embeddable":true,"href":"https:\/\/www.debugger.ch\/wpblog\/wp-json\/wp\/v2\/comments?post=202"}],"version-history":[{"count":2,"href":"https:\/\/www.debugger.ch\/wpblog\/wp-json\/wp\/v2\/pages\/202\/revisions"}],"predecessor-version":[{"id":205,"href":"https:\/\/www.debugger.ch\/wpblog\/wp-json\/wp\/v2\/pages\/202\/revisions\/205"}],"wp:attachment":[{"href":"https:\/\/www.debugger.ch\/wpblog\/wp-json\/wp\/v2\/media?parent=202"}],"curies":[{"name":"wp","href":"https:\/\/api.w.org\/{rel}","templated":true}]}}