{"id":5,"date":"2022-01-25T13:14:47","date_gmt":"2022-01-25T13:14:47","guid":{"rendered":"http:\/\/www.debugger.ch\/wpblog\/?page_id=5"},"modified":"2022-01-25T13:45:11","modified_gmt":"2022-01-25T13:45:11","slug":"gestalte-deine-website-mit-bloecken-2","status":"publish","type":"page","link":"https:\/\/www.debugger.ch\/wpblog\/","title":{"rendered":"Ein Blog zum weitergeben"},"content":{"rendered":"\n<p>Diese Installation stellt Kategorien und Blogbeitr\u00e4ge bereit, die von anderen Websites angezeigt und aboniert werden k\u00f6nnen. Es gibt dazu einige M\u00f6glichkeiten, die sich in ihrer Absicht unterscheiden.<\/p>\n\n\n\n<h2 class=\"wp-block-heading\">RSSFeed<\/h2>\n\n\n\n<p>Inhalte des WordPress Blogs (Beitr\u00e4ge) k\u00f6nnen per RSSFeed in anderen Websites eingebunden werden. <\/p>\n\n\n\n<p>Die verschiedenen Kategorien der WordPress-Blogs k\u00f6nnen als URLSegment \u00fcbergeben werden. So kann \u00fcber die URL ausgew\u00e4hlter, abonierter Inhalt eingebunden werden.<\/p>\n","protected":false},"excerpt":{"rendered":"<p>Diese Installation stellt Kategorien und Blogbeitr\u00e4ge bereit, die von anderen Websites angezeigt und aboniert werden k\u00f6nnen. Es gibt dazu einige M\u00f6glichkeiten, die sich in ihrer Absicht unterscheiden. RSSFeed Inhalte des WordPress Blogs (Beitr\u00e4ge) k\u00f6nnen per RSSFeed in anderen Websites eingebunden werden. Die verschiedenen Kategorien der WordPress-Blogs k\u00f6nnen als URLSegment \u00fcbergeben werden. So kann \u00fcber die&hellip; <a class=\"more-link\" href=\"https:\/\/www.debugger.ch\/wpblog\/\"><span class=\"screen-reader-text\">Ein Blog zum weitergeben<\/span> weiterlesen<\/a><\/p>\n","protected":false},"author":1,"featured_media":0,"parent":0,"menu_order":0,"comment_status":"closed","ping_status":"closed","template":"","meta":{"_acf_changed":false,"footnotes":""},"class_list":["post-5","page","type-page","status-publish","hentry","entry"],"acf":[],"_links":{"self":[{"href":"https:\/\/www.debugger.ch\/wpblog\/wp-json\/wp\/v2\/pages\/5","targetHints":{"allow":["GET"]}}],"collection":[{"href":"https:\/\/www.debugger.ch\/wpblog\/wp-json\/wp\/v2\/pages"}],"about":[{"href":"https:\/\/www.debugger.ch\/wpblog\/wp-json\/wp\/v2\/types\/page"}],"author":[{"embeddable":true,"href":"https:\/\/www.debugger.ch\/wpblog\/wp-json\/wp\/v2\/users\/1"}],"replies":[{"embeddable":true,"href":"https:\/\/www.debugger.ch\/wpblog\/wp-json\/wp\/v2\/comments?post=5"}],"version-history":[{"count":2,"href":"https:\/\/www.debugger.ch\/wpblog\/wp-json\/wp\/v2\/pages\/5\/revisions"}],"predecessor-version":[{"id":50,"href":"https:\/\/www.debugger.ch\/wpblog\/wp-json\/wp\/v2\/pages\/5\/revisions\/50"}],"wp:attachment":[{"href":"https:\/\/www.debugger.ch\/wpblog\/wp-json\/wp\/v2\/media?parent=5"}],"curies":[{"name":"wp","href":"https:\/\/api.w.org\/{rel}","templated":true}]}}